{"id":1169,"date":"2024-08-02T11:49:25","date_gmt":"2024-08-02T08:49:25","guid":{"rendered":"https:\/\/playtopia.fun\/politica-cookie-uri-ue\/"},"modified":"2024-10-21T23:16:27","modified_gmt":"2024-10-21T20:16:27","slug":"politica-cookie","status":"publish","type":"page","link":"https:\/\/playtopia.fun\/en\/politica-cookie\/","title":{"rendered":"Politic\u0103 cookie"},"content":{"rendered":"<style>\n    a.cky-banner-element {\n        padding: 8px 30px;\n        background: #F8F9FA;\n        color: #858A8F;\n        border: 1px solid #DEE2E6;\n        box-sizing: border-box;\n        border-radius: 2px;\n        cursor: pointer;\n}\n<\/style>\n<h1 class=\"cookie-policy-h1\">Politica Cookie<\/h1>\n<p>\n    Data intr\u0103rii \u00een vigoare: 21-Oct-2024 <br>\n    Ultima actualizare: 21-Oct-2024\n<\/p>\n\n&nbsp;\n<h5>Ce sunt cookie-urile?<\/h5>\n<div class=\"cookie-policy-p\"><p>Cookie-urile sunt fi\u0219iere text mici care sunt utilizate pentru a stoca informa\u021bii mici. Ele sunt stocate pe dispozitivul dvs. atunci c\u00e2nd site-ul web este \u00eenc\u0103rcat \u00een browserul dvs. Aceste cookie-uri ne ajut\u0103 s\u0103 facem ca site-ul s\u0103 func\u021bioneze corect, s\u0103 fie mai sigur, s\u0103 oferim o experien\u021b\u0103 mai bun\u0103 utilizatorilor \u0219i s\u0103 \u00een\u021belegem cum func\u021bioneaz\u0103 site-ul web \u0219i s\u0103 analiz\u0103m ce func\u021bioneaz\u0103 \u0219i unde este nevoie de \u00eembun\u0103t\u0103\u021biri.<\/p><\/div>\n\n&nbsp;\n<h5>Cum folosim cookie-urile?<\/h5>\n<div class=\"cookie-policy-p\"><p>La fel ca majoritatea serviciilor online, site-ul nostru folose\u0219te cookie-uri proprii \u0219i cookie-uri ter\u021b\u0103 parte pentru mai multe scopuri. Cookie-urile proprii sunt \u00een principal necesare pentru ca site-ul s\u0103 func\u021bioneze corect \u0219i nu colecteaz\u0103 datele dvs. cu caracter personal identificabil.<\/p>\n\n<p>Cookie-urile ter\u021b\u0103 parte utilizate pe site-ul nostru sunt \u00een principal pentru a \u00een\u021belege cum func\u021bioneaz\u0103 site-ul, cum interac\u021biona\u021bi cu site-ul nostru, pentru a ne men\u021bine serviciile \u00een siguran\u021b\u0103, pentru a oferi reclame relevante pentru dvs. \u0219i, \u00een general, pentru a v\u0103 oferi o experien\u021b\u0103 de utilizator mai bun\u0103 \u0219i \u00eembun\u0103t\u0103\u021bit\u0103, precum \u0219i pentru a accelera interac\u021biunile viitoare cu site-ul nostru.<\/p><\/div>\n\n&nbsp;\n    <h5>Tipuri de cookie-uri pe care le folosim<\/h5>\n\n    <div class=\"cky-audit-table-element\"><\/div>\n\n&nbsp;\n    <h5 style=\"margin-bottom:20px;\">Gestiona\u021bi preferin\u021bele cookie<\/h5>\n\n    <a class=\"cky-banner-element\">Set\u0103ri cookie<\/a> <br\/>\n\n    <div><p>Pute\u021bi schimba preferin\u021bele pentru cookie-uri oric\u00e2nd f\u0103c\u00e2nd clic pe butonul de mai sus. Acest lucru v\u0103 va permite s\u0103 reveni\u021bi la bannerul de consim\u021b\u0103m\u00e2nt pentru cookie-uri \u0219i s\u0103 schimba\u021bi preferin\u021bele sau s\u0103 v\u0103 retrage\u021bi consim\u021b\u0103m\u00e2ntul imediat.<\/p> <p>\u00cen plus, diferite browsere ofer\u0103 metode diferite pentru a bloca \u0219i \u0219terge cookie-urile utilizate de site-uri web. Pute\u021bi schimba set\u0103rile browserului dvs. pentru a bloca\/\u0219terge cookie-urile. Mai jos sunt listate linkurile c\u0103tre documentele de suport despre cum s\u0103 gestiona\u021bi \u0219i s\u0103 \u0219terge\u021bi cookie-urile din cele mai importante browsere web:<\/p><p>Chrome: <a href=\"https:\/\/support.google.com\/accounts\/answer\/32050\" target=\"_blank\" rel=\"noopener\">https:\/\/support.google.com\/accounts\/answer\/32050<\/a><\/p><p>Safari: <a href=\"https:\/\/support.apple.com\/en-in\/guide\/safari\/sfri11471\/mac\" target=\"_blank\" rel=\"noopener\">https:\/\/support.apple.com\/en-in\/guide\/safari\/sfri11471\/mac<\/a><\/p><p>Firefox: <a href=\"https:\/\/support.mozilla.org\/en-US\/kb\/clear-cookies-and-site-data-firefox?redirectslug=delete-cookies-remove-info-websites-stored&amp;redirectlocale=en-US\" target=\"_blank\" rel=\"noopener\">https:\/\/support.mozilla.org\/en-US\/kb\/clear-cookies-and-site-data-firefox?redirectslug=delete-cookies-remove-info-websites-stored&amp;redirectlocale=en-US<\/a><\/p><p>Internet Explorer: <a href=\"https:\/\/support.microsoft.com\/en-us\/topic\/how-to-delete-cookie-files-in-internet-explorer-bca9446f-d873-78de-77ba-d42645fa52fc\" target=\"_blank\" rel=\"noopener\">https:\/\/support.microsoft.com\/en-us\/topic\/how-to-delete-cookie-files-in-internet-explorer-bca9446f-d873-78de-77ba-d42645fa52fc<\/a><\/p><p>Dac\u0103 utiliza\u021bi un alt browser web, v\u0103 rug\u0103m s\u0103 vizita\u021bi documentele oficiale de suport ale browserului dvs.<\/p><\/div>\n\n\n&nbsp;\n<p class=\"cookie-policy-p\">\n    Cookie Policy Generated By  <a target=\"_blank\" href=\"https:\/\/www.cookieyes.com\/?utm_source=CP&#038;utm_medium=footer&#038;utm_campaign=UW\" rel=\"noopener\">CookieYes &#8211; Cookie Policy Generator<\/a>.\n<\/p>","protected":false},"excerpt":{"rendered":"<p>Politica Cookie Data intr\u0103rii \u00een vigoare: 21-Oct-2024 Ultima actualizare: 21-Oct-2024 &nbsp; Ce sunt cookie-urile? Cookie-urile sunt fi\u0219iere text mici care [&hellip;]<\/p>\n","protected":false},"author":3,"featured_media":0,"parent":0,"menu_order":0,"comment_status":"closed","ping_status":"closed","template":"","meta":{"_acf_changed":false,"content-type":"","_breakdance_hide_in_design_set":false,"_breakdance_tags":"","footnotes":""},"class_list":["post-1169","page","type-page","status-publish","hentry"],"acf":[],"yoast_head":"<!-- This site is optimized with the Yoast SEO plugin v27.3 - https:\/\/yoast.com\/product\/yoast-seo-wordpress\/ -->\n<title>Politic\u0103 cookie - Playtopia Park Sibiu<\/title>\n<meta name=\"robots\" content=\"index, follow, max-snippet:-1, max-image-preview:large, max-video-preview:-1\" \/>\n<link rel=\"canonical\" href=\"https:\/\/playtopia.fun\/en\/politica-cookie\/\" \/>\n<meta property=\"og:locale\" content=\"en_GB\" \/>\n<meta property=\"og:type\" content=\"article\" \/>\n<meta property=\"og:title\" content=\"Politic\u0103 cookie - Playtopia Park Sibiu\" \/>\n<meta property=\"og:description\" content=\"Politica Cookie Data intr\u0103rii \u00een vigoare: 21-Oct-2024 Ultima actualizare: 21-Oct-2024 &nbsp; Ce sunt cookie-urile? Cookie-urile sunt fi\u0219iere text mici care [&hellip;]\" \/>\n<meta property=\"og:url\" content=\"https:\/\/playtopia.fun\/en\/politica-cookie\/\" \/>\n<meta property=\"og:site_name\" content=\"Playtopia Park Sibiu\" \/>\n<meta property=\"article:modified_time\" content=\"2024-10-21T20:16:27+00:00\" \/>\n<meta name=\"twitter:card\" content=\"summary_large_image\" \/>\n<meta name=\"twitter:label1\" content=\"Estimated reading time\" \/>\n\t<meta name=\"twitter:data1\" content=\"2 minutes\" \/>\n<script type=\"application\/ld+json\" class=\"yoast-schema-graph\">{\"@context\":\"https:\\\/\\\/schema.org\",\"@graph\":[{\"@type\":\"WebPage\",\"@id\":\"https:\\\/\\\/playtopia.fun\\\/politica-cookie\\\/\",\"url\":\"https:\\\/\\\/playtopia.fun\\\/politica-cookie\\\/\",\"name\":\"Politic\u0103 cookie - Playtopia Park Sibiu\",\"isPartOf\":{\"@id\":\"https:\\\/\\\/playtopia.fun\\\/#website\"},\"datePublished\":\"2024-08-02T08:49:25+00:00\",\"dateModified\":\"2024-10-21T20:16:27+00:00\",\"breadcrumb\":{\"@id\":\"https:\\\/\\\/playtopia.fun\\\/politica-cookie\\\/#breadcrumb\"},\"inLanguage\":\"en-GB\",\"potentialAction\":[{\"@type\":\"ReadAction\",\"target\":[\"https:\\\/\\\/playtopia.fun\\\/politica-cookie\\\/\"]}]},{\"@type\":\"BreadcrumbList\",\"@id\":\"https:\\\/\\\/playtopia.fun\\\/politica-cookie\\\/#breadcrumb\",\"itemListElement\":[{\"@type\":\"ListItem\",\"position\":1,\"name\":\"Home\",\"item\":\"https:\\\/\\\/playtopia.fun\\\/\"},{\"@type\":\"ListItem\",\"position\":2,\"name\":\"Politic\u0103 cookie\"}]},{\"@type\":\"WebSite\",\"@id\":\"https:\\\/\\\/playtopia.fun\\\/#website\",\"url\":\"https:\\\/\\\/playtopia.fun\\\/\",\"name\":\"Playtopia Park Sibiu\",\"description\":\"Cel mai mare parc tematic de distractii indoor din\u00a0Romania\",\"publisher\":{\"@id\":\"https:\\\/\\\/playtopia.fun\\\/#organization\"},\"potentialAction\":[{\"@type\":\"SearchAction\",\"target\":{\"@type\":\"EntryPoint\",\"urlTemplate\":\"https:\\\/\\\/playtopia.fun\\\/?s={search_term_string}\"},\"query-input\":{\"@type\":\"PropertyValueSpecification\",\"valueRequired\":true,\"valueName\":\"search_term_string\"}}],\"inLanguage\":\"en-GB\"},{\"@type\":\"Organization\",\"@id\":\"https:\\\/\\\/playtopia.fun\\\/#organization\",\"name\":\"Playtopia Park Sibiu\",\"url\":\"https:\\\/\\\/playtopia.fun\\\/\",\"logo\":{\"@type\":\"ImageObject\",\"inLanguage\":\"en-GB\",\"@id\":\"https:\\\/\\\/playtopia.fun\\\/#\\\/schema\\\/logo\\\/image\\\/\",\"url\":\"https:\\\/\\\/playtopia.fun\\\/wp-content\\\/uploads\\\/2024\\\/08\\\/KV-Vizual-20241200x1200-1.jpg\",\"contentUrl\":\"https:\\\/\\\/playtopia.fun\\\/wp-content\\\/uploads\\\/2024\\\/08\\\/KV-Vizual-20241200x1200-1.jpg\",\"width\":1200,\"height\":1200,\"caption\":\"Playtopia Park Sibiu\"},\"image\":{\"@id\":\"https:\\\/\\\/playtopia.fun\\\/#\\\/schema\\\/logo\\\/image\\\/\"}}]}<\/script>\n<!-- \/ Yoast SEO plugin. -->","yoast_head_json":{"title":"Politic\u0103 cookie - Playtopia Park Sibiu","robots":{"index":"index","follow":"follow","max-snippet":"max-snippet:-1","max-image-preview":"max-image-preview:large","max-video-preview":"max-video-preview:-1"},"canonical":"https:\/\/playtopia.fun\/en\/politica-cookie\/","og_locale":"en_GB","og_type":"article","og_title":"Politic\u0103 cookie - Playtopia Park Sibiu","og_description":"Politica Cookie Data intr\u0103rii \u00een vigoare: 21-Oct-2024 Ultima actualizare: 21-Oct-2024 &nbsp; Ce sunt cookie-urile? Cookie-urile sunt fi\u0219iere text mici care [&hellip;]","og_url":"https:\/\/playtopia.fun\/en\/politica-cookie\/","og_site_name":"Playtopia Park Sibiu","article_modified_time":"2024-10-21T20:16:27+00:00","twitter_card":"summary_large_image","twitter_misc":{"Estimated reading time":"2 minutes"},"schema":{"@context":"https:\/\/schema.org","@graph":[{"@type":"WebPage","@id":"https:\/\/playtopia.fun\/politica-cookie\/","url":"https:\/\/playtopia.fun\/politica-cookie\/","name":"Politic\u0103 cookie - Playtopia Park Sibiu","isPartOf":{"@id":"https:\/\/playtopia.fun\/#website"},"datePublished":"2024-08-02T08:49:25+00:00","dateModified":"2024-10-21T20:16:27+00:00","breadcrumb":{"@id":"https:\/\/playtopia.fun\/politica-cookie\/#breadcrumb"},"inLanguage":"en-GB","potentialAction":[{"@type":"ReadAction","target":["https:\/\/playtopia.fun\/politica-cookie\/"]}]},{"@type":"BreadcrumbList","@id":"https:\/\/playtopia.fun\/politica-cookie\/#breadcrumb","itemListElement":[{"@type":"ListItem","position":1,"name":"Home","item":"https:\/\/playtopia.fun\/"},{"@type":"ListItem","position":2,"name":"Politic\u0103 cookie"}]},{"@type":"WebSite","@id":"https:\/\/playtopia.fun\/#website","url":"https:\/\/playtopia.fun\/","name":"Playtopia Park Sibiu","description":"Cel mai mare parc tematic de distractii indoor din\u00a0Romania","publisher":{"@id":"https:\/\/playtopia.fun\/#organization"},"potentialAction":[{"@type":"SearchAction","target":{"@type":"EntryPoint","urlTemplate":"https:\/\/playtopia.fun\/?s={search_term_string}"},"query-input":{"@type":"PropertyValueSpecification","valueRequired":true,"valueName":"search_term_string"}}],"inLanguage":"en-GB"},{"@type":"Organization","@id":"https:\/\/playtopia.fun\/#organization","name":"Playtopia Park Sibiu","url":"https:\/\/playtopia.fun\/","logo":{"@type":"ImageObject","inLanguage":"en-GB","@id":"https:\/\/playtopia.fun\/#\/schema\/logo\/image\/","url":"https:\/\/playtopia.fun\/wp-content\/uploads\/2024\/08\/KV-Vizual-20241200x1200-1.jpg","contentUrl":"https:\/\/playtopia.fun\/wp-content\/uploads\/2024\/08\/KV-Vizual-20241200x1200-1.jpg","width":1200,"height":1200,"caption":"Playtopia Park Sibiu"},"image":{"@id":"https:\/\/playtopia.fun\/#\/schema\/logo\/image\/"}}]}},"_links":{"self":[{"href":"https:\/\/playtopia.fun\/en\/wp-json\/wp\/v2\/pages\/1169","targetHints":{"allow":["GET"]}}],"collection":[{"href":"https:\/\/playtopia.fun\/en\/wp-json\/wp\/v2\/pages"}],"about":[{"href":"https:\/\/playtopia.fun\/en\/wp-json\/wp\/v2\/types\/page"}],"author":[{"embeddable":true,"href":"https:\/\/playtopia.fun\/en\/wp-json\/wp\/v2\/users\/3"}],"replies":[{"embeddable":true,"href":"https:\/\/playtopia.fun\/en\/wp-json\/wp\/v2\/comments?post=1169"}],"version-history":[{"count":9,"href":"https:\/\/playtopia.fun\/en\/wp-json\/wp\/v2\/pages\/1169\/revisions"}],"predecessor-version":[{"id":3325,"href":"https:\/\/playtopia.fun\/en\/wp-json\/wp\/v2\/pages\/1169\/revisions\/3325"}],"wp:attachment":[{"href":"https:\/\/playtopia.fun\/en\/wp-json\/wp\/v2\/media?parent=1169"}],"curies":[{"name":"wp","href":"https:\/\/api.w.org\/{rel}","templated":true}]}}